{"id":7075,"date":"2025-01-27T12:50:52","date_gmt":"2025-01-27T12:50:52","guid":{"rendered":"https:\/\/tenetconsultants.com\/cysylltu\/"},"modified":"2025-05-15T07:51:07","modified_gmt":"2025-05-15T07:51:07","slug":"cysylltu","status":"publish","type":"page","link":"https:\/\/tenetconsultants.com\/cy\/cysylltu\/","title":{"rendered":"Cysylltu"},"content":{"rendered":"\t\t<div data-elementor-type=\"wp-page\" data-elementor-id=\"7075\" class=\"elementor elementor-7075 elementor-1526\" data-elementor-post-type=\"page\">\n\t\t\t\t<div class=\"elementor-element elementor-element-2dc402e e-flex e-con-boxed e-con e-parent\" data-id=\"2dc402e\" data-element_type=\"container\" data-e-type=\"container\" data-settings=\"{&quot;background_background&quot;:&quot;classic&quot;}\">\n\t\t\t\t\t<div class=\"e-con-inner\">\n\t\t<div class=\"elementor-element elementor-element-6d3e83f e-con-full e-flex e-con e-child\" data-id=\"6d3e83f\" data-element_type=\"container\" data-e-type=\"container\">\n\t\t<div class=\"elementor-element elementor-element-42c9eaa e-con-full breadcrumbs dark e-flex e-con e-child\" data-id=\"42c9eaa\" data-element_type=\"container\" data-e-type=\"container\">\n\t\t\t\t<div class=\"elementor-element elementor-element-f5fdef8 elementor-widget elementor-widget-heading\" data-id=\"f5fdef8\" data-element_type=\"widget\" data-e-type=\"widget\" data-widget_type=\"heading.default\">\n\t\t\t\t<div class=\"elementor-widget-container\">\n\t\t\t\t\t<span class=\"elementor-heading-title elementor-size-default\"><a href=\"https:\/\/tenetconsultants.com\/cy\/\">Hafan<\/a><\/span>\t\t\t\t<\/div>\n\t\t\t\t<\/div>\n\t\t\t\t<div class=\"elementor-element elementor-element-c78256e elementor-widget elementor-widget-heading\" data-id=\"c78256e\" data-element_type=\"widget\" data-e-type=\"widget\" data-widget_type=\"heading.default\">\n\t\t\t\t<div class=\"elementor-widget-container\">\n\t\t\t\t\t<span class=\"elementor-heading-title elementor-size-default\"><a href=\"https:\/\/tenetconsultants.com\/contact\/\">Cysylltwch \u00e2 ni<\/a><\/span>\t\t\t\t<\/div>\n\t\t\t\t<\/div>\n\t\t\t\t<\/div>\n\t\t\t\t<\/div>\n\t\t\t\t\t<\/div>\n\t\t\t\t<\/div>\n\t\t<div class=\"elementor-element elementor-element-9d97d38 e-flex e-con-boxed e-con e-parent\" data-id=\"9d97d38\" data-element_type=\"container\" data-e-type=\"container\" data-settings=\"{&quot;background_background&quot;:&quot;classic&quot;}\">\n\t\t\t\t\t<div class=\"e-con-inner\">\n\t\t<div class=\"elementor-element elementor-element-b15eeaa e-con-full e-flex e-con e-child\" data-id=\"b15eeaa\" data-element_type=\"container\" data-e-type=\"container\">\n\t\t<div class=\"elementor-element elementor-element-9f67ed6 e-con-full e-flex e-con e-child\" data-id=\"9f67ed6\" data-element_type=\"container\" data-e-type=\"container\">\n\t\t\t\t<div class=\"elementor-element elementor-element-7b77e1a elementor-widget__width-inherit elementor-widget-tablet__width-inherit animated-slow elementor-invisible elementor-widget elementor-widget-heading\" data-id=\"7b77e1a\" data-element_type=\"widget\" data-e-type=\"widget\" data-settings=\"{&quot;_animation&quot;:&quot;fadeInUp&quot;}\" data-widget_type=\"heading.default\">\n\t\t\t\t<div class=\"elementor-widget-container\">\n\t\t\t\t\t<h1 class=\"elementor-heading-title elementor-size-default\">Cysylltwch \u00e2 ni<\/h1>\t\t\t\t<\/div>\n\t\t\t\t<\/div>\n\t\t\t\t<div class=\"elementor-element elementor-element-3afdb8e animated-slow elementor-invisible elementor-widget elementor-widget-text-editor\" data-id=\"3afdb8e\" data-element_type=\"widget\" data-e-type=\"widget\" data-settings=\"{&quot;_animation&quot;:&quot;fadeInUp&quot;}\" data-widget_type=\"text-editor.default\">\n\t\t\t\t<div class=\"elementor-widget-container\">\n\t\t\t\t\t\t\t\t\tCysylltwch i drafod gofynion eich prosiect neu ddysgu rhagor am ein gwasanaethau. Mae ein t\u00eem yma i gynnig datrysiadau arloesol sy\u2019n benodol i\u2019ch anghenion chi. Ewch draw i\u2019n swyddfeydd yn Warrington neu Ynys M\u00f4n, neu cysylltwch \u00e2 ni drwy ein gwefan i ddechrau arni.  \t\t\t\t\t\t\t\t<\/div>\n\t\t\t\t<\/div>\n\t\t\t\t<div class=\"elementor-element elementor-element-d200c92 ts-form elementor-button-align-stretch elementor-widget elementor-widget-form\" data-id=\"d200c92\" data-element_type=\"widget\" data-e-type=\"widget\" data-settings=\"{&quot;step_next_label&quot;:&quot;Nesaf&quot;,&quot;step_previous_label&quot;:&quot;Blaenorol&quot;,&quot;button_width&quot;:&quot;100&quot;,&quot;step_type&quot;:&quot;number_text&quot;,&quot;step_icon_shape&quot;:&quot;circle&quot;}\" data-widget_type=\"form.default\">\n\t\t\t\t<div class=\"elementor-widget-container\">\n\t\t\t\t\t\t\t<form class=\"elementor-form\" method=\"post\" id=\"contact_form\" name=\"Contact form\" aria-label=\"Contact form\">\n\t\t\t<input type=\"hidden\" name=\"post_id\" value=\"7075\"\/>\n\t\t\t<input type=\"hidden\" name=\"form_id\" value=\"d200c92\"\/>\n\t\t\t<input type=\"hidden\" name=\"referer_title\" value=\"Cysylltwch \u00e2 Ni | Tenet Consultants\" \/>\n\n\t\t\t\t\t\t\t<input type=\"hidden\" name=\"queried_id\" value=\"7075\"\/>\n\t\t\t\n\t\t\t<div class=\"elementor-form-fields-wrapper elementor-labels-above\">\n\t\t\t\t\t\t\t\t<div class=\"elementor-field-type-text elementor-field-group elementor-column elementor-field-group-name elementor-col-100\">\n\t\t\t\t\t\t\t\t\t\t\t\t\t<input size=\"1\" type=\"text\" name=\"form_fields[name]\" id=\"form-field-name\" class=\"elementor-field elementor-size-sm  elementor-field-textual\" placeholder=\"Enw\">\n\t\t\t\t\t\t\t\t\t\t\t<\/div>\n\t\t\t\t\t\t\t\t<div class=\"elementor-field-type-email elementor-field-group elementor-column elementor-field-group-email elementor-col-100 elementor-field-required\">\n\t\t\t\t\t\t\t\t\t\t\t\t\t<input size=\"1\" type=\"email\" name=\"form_fields[email]\" id=\"form-field-email\" class=\"elementor-field elementor-size-sm  elementor-field-textual\" placeholder=\"E-bost\" required=\"required\">\n\t\t\t\t\t\t\t\t\t\t\t<\/div>\n\t\t\t\t\t\t\t\t<div class=\"elementor-field-type-textarea elementor-field-group elementor-column elementor-field-group-message elementor-col-100\">\n\t\t\t\t\t<textarea class=\"elementor-field-textual elementor-field  elementor-size-sm\" name=\"form_fields[message]\" id=\"form-field-message\" rows=\"7\" placeholder=\"Neges\"><\/textarea>\t\t\t\t<\/div>\n\t\t\t\t\t\t\t\t<div class=\"elementor-field-type-text\">\n\t\t\t\t\t<input size=\"1\" type=\"text\" name=\"form_fields[field_3285ac6]\" id=\"form-field-field_3285ac6\" class=\"elementor-field elementor-size-sm \" style=\"display:none !important;\">\t\t\t\t<\/div>\n\t\t\t\t\t\t\t\t<div class=\"elementor-field-type-text\">\n\t\t\t\t\t<input size=\"1\" type=\"text\" name=\"form_fields[field_1751fd0]\" id=\"form-field-field_1751fd0\" class=\"elementor-field elementor-size-sm \" style=\"display:none !important;\">\t\t\t\t<\/div>\n\t\t\t\t\t\t\t\t<div class=\"elementor-field-type-recaptcha_v3 elementor-field-group elementor-column elementor-field-group-field_a2d85d0 elementor-col-100 recaptcha_v3-bottomright\">\n\t\t\t\t\t<div class=\"elementor-field\" id=\"form-field-field_a2d85d0\"><div class=\"elementor-g-recaptcha\" data-sitekey=\"6LebZbYqAAAAAPSFdRtkeCUbUE3uihV6i9pqcD-U\" data-type=\"v3\" data-action=\"Form\" data-badge=\"bottomright\" data-size=\"invisible\"><\/div><\/div>\t\t\t\t<\/div>\n\t\t\t\t\t\t\t\t<div class=\"elementor-field-group elementor-column elementor-field-type-submit elementor-col-100 e-form__buttons\">\n\t\t\t\t\t<button class=\"elementor-button elementor-size-sm\" type=\"submit\">\n\t\t\t\t\t\t<span class=\"elementor-button-content-wrapper\">\n\t\t\t\t\t\t\t\t\t\t\t\t\t\t\t<span class=\"elementor-button-icon\">\n\t\t\t\t\t\t\t\t\t<svg xmlns=\"http:\/\/www.w3.org\/2000\/svg\" width=\"6\" height=\"8\" viewBox=\"0 0 6 8\" fill=\"none\"><path d=\"M2.31656 4.70156L2.31844 3.27969V3.28156C1.69844 2.58156 1.03844 1.50156 0.398438 0.101562H1.53844C2.93844 1.72156 4.41844 2.94156 5.93844 3.70156V4.28156C4.41844 5.04156 2.93844 6.24156 1.53844 7.88156H0.398438C1.03844 6.48156 1.69844 5.40156 2.31844 4.70156H2.31656Z\" fill=\"#0F1738\"><\/path><\/svg>\t\t\t\t\t\t\t\t\t\t\t\t\t\t\t\t\t<\/span>\n\t\t\t\t\t\t\t\t\t\t\t\t\t\t\t\t\t\t\t\t\t\t<span class=\"elementor-button-text\">Anfon neges<\/span>\n\t\t\t\t\t\t\t\t\t\t\t\t\t<\/span>\n\t\t\t\t\t<\/button>\n\t\t\t\t<\/div>\n\t\t\t<\/div>\n\t\t<\/form>\n\t\t\t\t\t\t<\/div>\n\t\t\t\t<\/div>\n\t\t\t\t<\/div>\n\t\t\t\t<\/div>\n\t\t<div class=\"elementor-element elementor-element-470d7d5 e-con-full e-flex e-con e-child\" data-id=\"470d7d5\" data-element_type=\"container\" data-e-type=\"container\">\n\t\t<div class=\"elementor-element elementor-element-f14962c e-con-full e-flex e-con e-child\" data-id=\"f14962c\" data-element_type=\"container\" data-e-type=\"container\">\n\t\t<div class=\"elementor-element elementor-element-8262ee6 e-con-full e-flex e-con e-child\" data-id=\"8262ee6\" data-element_type=\"container\" data-e-type=\"container\">\n\t\t\t\t<div class=\"elementor-element elementor-element-fe88e2a elementor-widget elementor-widget-google_maps\" data-id=\"fe88e2a\" data-element_type=\"widget\" data-e-type=\"widget\" data-widget_type=\"google_maps.default\">\n\t\t\t\t<div class=\"elementor-widget-container\">\n\t\t\t\t\t\t\t<div class=\"elementor-custom-embed\">\n\t\t\t<iframe loading=\"lazy\"\n\t\t\t\t\tsrc=\"https:\/\/www.google.com\/maps\/embed\/v1\/place?key=AIzaSyAIu9pApywvK1_Mt2upLfdTQiouhHyGBM0&#038;q=Tenet%20Consultants&#038;zoom=14\"\n\t\t\t\t\ttitle=\"Tenet Consultants\"\n\t\t\t\t\taria-label=\"Tenet Consultants\"\n\t\t\t><\/iframe>\n\t\t<\/div>\n\t\t\t\t\t\t<\/div>\n\t\t\t\t<\/div>\n\t\t\t\t<\/div>\n\t\t<div class=\"elementor-element elementor-element-e15afd5 e-con-full e-flex e-con e-child\" data-id=\"e15afd5\" data-element_type=\"container\" data-e-type=\"container\">\n\t\t\t\t<div class=\"elementor-element elementor-element-4fe996c elementor-widget__width-initial elementor-widget-tablet__width-inherit elementor-widget elementor-widget-text-editor\" data-id=\"4fe996c\" data-element_type=\"widget\" data-e-type=\"widget\" data-widget_type=\"text-editor.default\">\n\t\t\t\t<div class=\"elementor-widget-container\">\n\t\t\t\t\t\t\t\t\t<p><strong>Warrington<\/strong><\/p>\t\t\t\t\t\t\t\t<\/div>\n\t\t\t\t<\/div>\n\t\t\t\t<div class=\"elementor-element elementor-element-1994336 elementor-widget__width-initial elementor-widget-tablet__width-inherit elementor-widget elementor-widget-heading\" data-id=\"1994336\" data-element_type=\"widget\" data-e-type=\"widget\" data-widget_type=\"heading.default\">\n\t\t\t\t<div class=\"elementor-widget-container\">\n\t\t\t\t\t<div class=\"elementor-heading-title elementor-size-default\">Rhif Ff\u00f4n (Birchwood):&nbsp;<\/div>\t\t\t\t<\/div>\n\t\t\t\t<\/div>\n\t\t\t\t<div class=\"elementor-element elementor-element-bfa705d elementor-widget__width-initial elementor-widget-tablet__width-inherit elementor-widget elementor-widget-heading\" data-id=\"bfa705d\" data-element_type=\"widget\" data-e-type=\"widget\" data-widget_type=\"heading.default\">\n\t\t\t\t<div class=\"elementor-widget-container\">\n\t\t\t\t\t<div class=\"elementor-heading-title elementor-size-default\"><a href=\"tel:+441925230700\">01925 230700<\/a><\/div>\t\t\t\t<\/div>\n\t\t\t\t<\/div>\n\t\t\t\t<div class=\"elementor-element elementor-element-35f5e32 elementor-widget__width-initial elementor-widget-tablet__width-inherit elementor-widget elementor-widget-heading\" data-id=\"35f5e32\" data-element_type=\"widget\" data-e-type=\"widget\" data-widget_type=\"heading.default\">\n\t\t\t\t<div class=\"elementor-widget-container\">\n\t\t\t\t\t<div class=\"elementor-heading-title elementor-size-default\">401 Faraday Street, \u2028Birchwood Park,<br>Warrington, Swydd Gaer, WA3 6GA<\/div>\t\t\t\t<\/div>\n\t\t\t\t<\/div>\n\t\t\t\t<\/div>\n\t\t\t\t<\/div>\n\t\t<div class=\"elementor-element elementor-element-a415e65 e-con-full e-flex e-con e-child\" data-id=\"a415e65\" data-element_type=\"container\" data-e-type=\"container\">\n\t\t<div class=\"elementor-element elementor-element-f166dac e-con-full e-flex e-con e-child\" data-id=\"f166dac\" data-element_type=\"container\" data-e-type=\"container\">\n\t\t\t\t<div class=\"elementor-element elementor-element-9223441 elementor-widget elementor-widget-google_maps\" data-id=\"9223441\" data-element_type=\"widget\" data-e-type=\"widget\" data-widget_type=\"google_maps.default\">\n\t\t\t\t<div class=\"elementor-widget-container\">\n\t\t\t\t\t\t\t<div class=\"elementor-custom-embed\">\n\t\t\t<iframe loading=\"lazy\"\n\t\t\t\t\tsrc=\"https:\/\/www.google.com\/maps\/embed\/v1\/place?key=AIzaSyAIu9pApywvK1_Mt2upLfdTQiouhHyGBM0&#038;q=Anglesey%2C%20M-SParc%20%E2%80%93%20Menai%20Science%20Park%2C%20Gaerwen%2C%20%E2%80%A8LL60%206AG&#038;zoom=14\"\n\t\t\t\t\ttitle=\"Anglesey, M-SParc \u2013 Menai Science Park, Gaerwen, \u2028LL60 6AG\"\n\t\t\t\t\taria-label=\"Anglesey, M-SParc \u2013 Menai Science Park, Gaerwen, \u2028LL60 6AG\"\n\t\t\t><\/iframe>\n\t\t<\/div>\n\t\t\t\t\t\t<\/div>\n\t\t\t\t<\/div>\n\t\t\t\t<\/div>\n\t\t<div class=\"elementor-element elementor-element-10f928d e-con-full e-flex e-con e-child\" data-id=\"10f928d\" data-element_type=\"container\" data-e-type=\"container\">\n\t\t\t\t<div class=\"elementor-element elementor-element-cbc3d2a elementor-widget__width-initial elementor-widget-tablet__width-inherit elementor-widget elementor-widget-text-editor\" data-id=\"cbc3d2a\" data-element_type=\"widget\" data-e-type=\"widget\" data-widget_type=\"text-editor.default\">\n\t\t\t\t<div class=\"elementor-widget-container\">\n\t\t\t\t\t\t\t\t\t<strong>Ynys M\u00f4n<\/strong>\t\t\t\t\t\t\t\t<\/div>\n\t\t\t\t<\/div>\n\t\t\t\t<div class=\"elementor-element elementor-element-05e8a3b elementor-widget__width-initial elementor-widget-tablet__width-inherit elementor-widget elementor-widget-heading\" data-id=\"05e8a3b\" data-element_type=\"widget\" data-e-type=\"widget\" data-widget_type=\"heading.default\">\n\t\t\t\t<div class=\"elementor-widget-container\">\n\t\t\t\t\t<div class=\"elementor-heading-title elementor-size-default\">Rhif Ff\u00f4n (Ynys M\u00f4n): <\/div>\t\t\t\t<\/div>\n\t\t\t\t<\/div>\n\t\t\t\t<div class=\"elementor-element elementor-element-fe5e9a6 elementor-widget__width-initial elementor-widget-tablet__width-inherit elementor-widget elementor-widget-heading\" data-id=\"fe5e9a6\" data-element_type=\"widget\" data-e-type=\"widget\" data-widget_type=\"heading.default\">\n\t\t\t\t<div class=\"elementor-widget-container\">\n\t\t\t\t\t<div class=\"elementor-heading-title elementor-size-default\"><a href=\"tel:+447576%20467924\">+44 (0)7576 467924<\/a><\/div>\t\t\t\t<\/div>\n\t\t\t\t<\/div>\n\t\t\t\t<div class=\"elementor-element elementor-element-3710f8e elementor-widget__width-initial elementor-widget-tablet__width-inherit elementor-widget elementor-widget-heading\" data-id=\"3710f8e\" data-element_type=\"widget\" data-e-type=\"widget\" data-widget_type=\"heading.default\">\n\t\t\t\t<div class=\"elementor-widget-container\">\n\t\t\t\t\t<div class=\"elementor-heading-title elementor-size-default\">Ynys M\u00f4n, M-SParc \u2013 Parc Gwyddoniaeth Menai,<br>Gaerwen, \u2028LL60 6AG<\/div>\t\t\t\t<\/div>\n\t\t\t\t<\/div>\n\t\t\t\t<\/div>\n\t\t\t\t<\/div>\n\t\t\t\t<\/div>\n\t\t\t\t\t<\/div>\n\t\t\t\t<\/div>\n\t\t\t\t<\/div>\n\t\t","protected":false},"excerpt":{"rendered":"<p>Hafan Cysylltwch \u00e2 ni Cysylltwch \u00e2 ni Cysylltwch i drafod gofynion eich prosiect neu ddysgu rhagor am ein gwasanaethau. Mae ein t\u00eem yma i gynnig datrysiadau arloesol sy\u2019n benodol i\u2019ch anghenion chi. Ewch draw i\u2019n swyddfeydd yn Warrington neu Ynys M\u00f4n, neu cysylltwch \u00e2 ni drwy ein gwefan i ddechrau arni. Warrington Rhif Ff\u00f4n (Birchwood):&nbsp; [&hellip;]<\/p>\n","protected":false},"author":1,"featured_media":89,"parent":0,"menu_order":0,"comment_status":"closed","ping_status":"closed","template":"","meta":{"footnotes":""},"class_list":["post-7075","page","type-page","status-publish","has-post-thumbnail","hentry"],"yoast_head":"<!-- This site is optimized with the Yoast SEO plugin v27.5 - https:\/\/yoast.com\/product\/yoast-seo-wordpress\/ -->\n<title>Cysylltwch \u00e2 Ni | Tenet Consultants<\/title>\n<meta name=\"description\" content=\"Cysylltwch i drafod gofynion eich prosiect neu ddysgu rhagor am ein gwasanaethau. Warrington: 01925 230700 ac Ynys M\u00f4n: +44 (0)7576 467924.\" \/>\n<meta name=\"robots\" content=\"index, follow, max-snippet:-1, max-image-preview:large, max-video-preview:-1\" \/>\n<link rel=\"canonical\" href=\"https:\/\/tenetconsultants.com\/cy\/cysylltu\/\" \/>\n<meta property=\"og:locale\" content=\"cy_GB\" \/>\n<meta property=\"og:type\" content=\"article\" \/>\n<meta property=\"og:title\" content=\"Cysylltwch \u00e2 Ni | Tenet Consultants\" \/>\n<meta property=\"og:description\" content=\"Cysylltwch i drafod gofynion eich prosiect neu ddysgu rhagor am ein gwasanaethau. Warrington: 01925 230700 ac Ynys M\u00f4n: +44 (0)7576 467924.\" \/>\n<meta property=\"og:url\" content=\"https:\/\/tenetconsultants.com\/cy\/cysylltu\/\" \/>\n<meta property=\"og:site_name\" content=\"Tenet Consultants\" \/>\n<meta property=\"article:modified_time\" content=\"2025-05-15T07:51:07+00:00\" \/>\n<meta property=\"og:image\" content=\"https:\/\/tenetconsultants.com\/wp-content\/uploads\/2025\/01\/E23-Additional-nitrogen-supply-at-the-Capenhurst-site-1.jpg\" \/>\n\t<meta property=\"og:image:width\" content=\"1708\" \/>\n\t<meta property=\"og:image:height\" content=\"1600\" \/>\n\t<meta property=\"og:image:type\" content=\"image\/jpeg\" \/>\n<meta name=\"twitter:card\" content=\"summary_large_image\" \/>\n<script type=\"application\/ld+json\" class=\"yoast-schema-graph\">{\"@context\":\"https:\\\/\\\/schema.org\",\"@graph\":[{\"@type\":\"WebPage\",\"@id\":\"https:\\\/\\\/tenetconsultants.com\\\/cy\\\/cysylltu\\\/\",\"url\":\"https:\\\/\\\/tenetconsultants.com\\\/cy\\\/cysylltu\\\/\",\"name\":\"Cysylltwch \u00e2 Ni | Tenet Consultants\",\"isPartOf\":{\"@id\":\"https:\\\/\\\/tenetconsultants.com\\\/cy\\\/#website\"},\"primaryImageOfPage\":{\"@id\":\"https:\\\/\\\/tenetconsultants.com\\\/cy\\\/cysylltu\\\/#primaryimage\"},\"image\":{\"@id\":\"https:\\\/\\\/tenetconsultants.com\\\/cy\\\/cysylltu\\\/#primaryimage\"},\"thumbnailUrl\":\"https:\\\/\\\/tenetconsultants.com\\\/wp-content\\\/uploads\\\/2025\\\/01\\\/E23-Additional-nitrogen-supply-at-the-Capenhurst-site-1.jpg\",\"datePublished\":\"2025-01-27T12:50:52+00:00\",\"dateModified\":\"2025-05-15T07:51:07+00:00\",\"description\":\"Cysylltwch i drafod gofynion eich prosiect neu ddysgu rhagor am ein gwasanaethau. Warrington: 01925 230700 ac Ynys M\u00f4n: +44 (0)7576 467924.\",\"breadcrumb\":{\"@id\":\"https:\\\/\\\/tenetconsultants.com\\\/cy\\\/cysylltu\\\/#breadcrumb\"},\"inLanguage\":\"cy-GB\",\"potentialAction\":[{\"@type\":\"ReadAction\",\"target\":[\"https:\\\/\\\/tenetconsultants.com\\\/cy\\\/cysylltu\\\/\"]}]},{\"@type\":\"ImageObject\",\"inLanguage\":\"cy-GB\",\"@id\":\"https:\\\/\\\/tenetconsultants.com\\\/cy\\\/cysylltu\\\/#primaryimage\",\"url\":\"https:\\\/\\\/tenetconsultants.com\\\/wp-content\\\/uploads\\\/2025\\\/01\\\/E23-Additional-nitrogen-supply-at-the-Capenhurst-site-1.jpg\",\"contentUrl\":\"https:\\\/\\\/tenetconsultants.com\\\/wp-content\\\/uploads\\\/2025\\\/01\\\/E23-Additional-nitrogen-supply-at-the-Capenhurst-site-1.jpg\",\"width\":1708,\"height\":1600,\"caption\":\"E23 Additional nitrogen supply at the Capenhurst site\"},{\"@type\":\"BreadcrumbList\",\"@id\":\"https:\\\/\\\/tenetconsultants.com\\\/cy\\\/cysylltu\\\/#breadcrumb\",\"itemListElement\":[{\"@type\":\"ListItem\",\"position\":1,\"name\":\"Hafan\",\"item\":\"https:\\\/\\\/tenetconsultants.com\\\/cy\\\/prif-dudalen\\\/\"},{\"@type\":\"ListItem\",\"position\":2,\"name\":\"Cysylltu\"}]},{\"@type\":\"WebSite\",\"@id\":\"https:\\\/\\\/tenetconsultants.com\\\/cy\\\/#website\",\"url\":\"https:\\\/\\\/tenetconsultants.com\\\/cy\\\/\",\"name\":\"Tenet Consultants\",\"description\":\"\",\"potentialAction\":[{\"@type\":\"SearchAction\",\"target\":{\"@type\":\"EntryPoint\",\"urlTemplate\":\"https:\\\/\\\/tenetconsultants.com\\\/cy\\\/?s={search_term_string}\"},\"query-input\":{\"@type\":\"PropertyValueSpecification\",\"valueRequired\":true,\"valueName\":\"search_term_string\"}}],\"inLanguage\":\"cy-GB\"}]}<\/script>\n<!-- \/ Yoast SEO plugin. -->","yoast_head_json":{"title":"Cysylltwch \u00e2 Ni | Tenet Consultants","description":"Cysylltwch i drafod gofynion eich prosiect neu ddysgu rhagor am ein gwasanaethau. Warrington: 01925 230700 ac Ynys M\u00f4n: +44 (0)7576 467924.","robots":{"index":"index","follow":"follow","max-snippet":"max-snippet:-1","max-image-preview":"max-image-preview:large","max-video-preview":"max-video-preview:-1"},"canonical":"https:\/\/tenetconsultants.com\/cy\/cysylltu\/","og_locale":"cy_GB","og_type":"article","og_title":"Cysylltwch \u00e2 Ni | Tenet Consultants","og_description":"Cysylltwch i drafod gofynion eich prosiect neu ddysgu rhagor am ein gwasanaethau. Warrington: 01925 230700 ac Ynys M\u00f4n: +44 (0)7576 467924.","og_url":"https:\/\/tenetconsultants.com\/cy\/cysylltu\/","og_site_name":"Tenet Consultants","article_modified_time":"2025-05-15T07:51:07+00:00","og_image":[{"width":1708,"height":1600,"url":"https:\/\/tenetconsultants.com\/wp-content\/uploads\/2025\/01\/E23-Additional-nitrogen-supply-at-the-Capenhurst-site-1.jpg","type":"image\/jpeg"}],"twitter_card":"summary_large_image","schema":{"@context":"https:\/\/schema.org","@graph":[{"@type":"WebPage","@id":"https:\/\/tenetconsultants.com\/cy\/cysylltu\/","url":"https:\/\/tenetconsultants.com\/cy\/cysylltu\/","name":"Cysylltwch \u00e2 Ni | Tenet Consultants","isPartOf":{"@id":"https:\/\/tenetconsultants.com\/cy\/#website"},"primaryImageOfPage":{"@id":"https:\/\/tenetconsultants.com\/cy\/cysylltu\/#primaryimage"},"image":{"@id":"https:\/\/tenetconsultants.com\/cy\/cysylltu\/#primaryimage"},"thumbnailUrl":"https:\/\/tenetconsultants.com\/wp-content\/uploads\/2025\/01\/E23-Additional-nitrogen-supply-at-the-Capenhurst-site-1.jpg","datePublished":"2025-01-27T12:50:52+00:00","dateModified":"2025-05-15T07:51:07+00:00","description":"Cysylltwch i drafod gofynion eich prosiect neu ddysgu rhagor am ein gwasanaethau. Warrington: 01925 230700 ac Ynys M\u00f4n: +44 (0)7576 467924.","breadcrumb":{"@id":"https:\/\/tenetconsultants.com\/cy\/cysylltu\/#breadcrumb"},"inLanguage":"cy-GB","potentialAction":[{"@type":"ReadAction","target":["https:\/\/tenetconsultants.com\/cy\/cysylltu\/"]}]},{"@type":"ImageObject","inLanguage":"cy-GB","@id":"https:\/\/tenetconsultants.com\/cy\/cysylltu\/#primaryimage","url":"https:\/\/tenetconsultants.com\/wp-content\/uploads\/2025\/01\/E23-Additional-nitrogen-supply-at-the-Capenhurst-site-1.jpg","contentUrl":"https:\/\/tenetconsultants.com\/wp-content\/uploads\/2025\/01\/E23-Additional-nitrogen-supply-at-the-Capenhurst-site-1.jpg","width":1708,"height":1600,"caption":"E23 Additional nitrogen supply at the Capenhurst site"},{"@type":"BreadcrumbList","@id":"https:\/\/tenetconsultants.com\/cy\/cysylltu\/#breadcrumb","itemListElement":[{"@type":"ListItem","position":1,"name":"Hafan","item":"https:\/\/tenetconsultants.com\/cy\/prif-dudalen\/"},{"@type":"ListItem","position":2,"name":"Cysylltu"}]},{"@type":"WebSite","@id":"https:\/\/tenetconsultants.com\/cy\/#website","url":"https:\/\/tenetconsultants.com\/cy\/","name":"Tenet Consultants","description":"","potentialAction":[{"@type":"SearchAction","target":{"@type":"EntryPoint","urlTemplate":"https:\/\/tenetconsultants.com\/cy\/?s={search_term_string}"},"query-input":{"@type":"PropertyValueSpecification","valueRequired":true,"valueName":"search_term_string"}}],"inLanguage":"cy-GB"}]}},"_links":{"self":[{"href":"https:\/\/tenetconsultants.com\/cy\/wp-json\/wp\/v2\/pages\/7075","targetHints":{"allow":["GET"]}}],"collection":[{"href":"https:\/\/tenetconsultants.com\/cy\/wp-json\/wp\/v2\/pages"}],"about":[{"href":"https:\/\/tenetconsultants.com\/cy\/wp-json\/wp\/v2\/types\/page"}],"author":[{"embeddable":true,"href":"https:\/\/tenetconsultants.com\/cy\/wp-json\/wp\/v2\/users\/1"}],"replies":[{"embeddable":true,"href":"https:\/\/tenetconsultants.com\/cy\/wp-json\/wp\/v2\/comments?post=7075"}],"version-history":[{"count":5,"href":"https:\/\/tenetconsultants.com\/cy\/wp-json\/wp\/v2\/pages\/7075\/revisions"}],"predecessor-version":[{"id":8616,"href":"https:\/\/tenetconsultants.com\/cy\/wp-json\/wp\/v2\/pages\/7075\/revisions\/8616"}],"wp:featuredmedia":[{"embeddable":true,"href":"https:\/\/tenetconsultants.com\/cy\/wp-json\/wp\/v2\/media\/89"}],"wp:attachment":[{"href":"https:\/\/tenetconsultants.com\/cy\/wp-json\/wp\/v2\/media?parent=7075"}],"curies":[{"name":"wp","href":"https:\/\/api.w.org\/{rel}","templated":true}]}}