{"id":7071,"date":"2025-02-10T21:28:56","date_gmt":"2025-02-10T21:28:56","guid":{"rendered":"https:\/\/tenetconsultants.com\/polisi-cwcis\/"},"modified":"2025-09-09T09:40:13","modified_gmt":"2025-09-09T09:40:13","slug":"polisi-cwcis","status":"publish","type":"page","link":"https:\/\/tenetconsultants.com\/cy\/polisi-cwcis\/","title":{"rendered":"Polisi Cwcis"},"content":{"rendered":"\t\t<div data-elementor-type=\"wp-page\" data-elementor-id=\"7071\" class=\"elementor elementor-7071 elementor-3039\" data-elementor-post-type=\"page\">\n\t\t\t\t\t\t<section class=\"elementor-section elementor-top-section elementor-element elementor-element-9bb93f6 elementor-section-boxed elementor-section-height-default elementor-section-height-default\" data-id=\"9bb93f6\" data-element_type=\"section\" data-e-type=\"section\" data-settings=\"{&quot;background_background&quot;:&quot;classic&quot;}\">\n\t\t\t\t\t\t<div class=\"elementor-container elementor-column-gap-default\">\n\t\t\t\t\t<div class=\"elementor-column elementor-col-100 elementor-top-column elementor-element elementor-element-065da37\" data-id=\"065da37\" data-element_type=\"column\" data-e-type=\"column\">\n\t\t\t<div class=\"elementor-widget-wrap elementor-element-populated\">\n\t\t\t\t\t\t<div class=\"elementor-element elementor-element-5401e46 elementor-widget__width-initial elementor-widget elementor-widget-heading\" data-id=\"5401e46\" data-element_type=\"widget\" data-e-type=\"widget\" data-widget_type=\"heading.default\">\n\t\t\t\t<div class=\"elementor-widget-container\">\n\t\t\t\t\t<h1 class=\"elementor-heading-title elementor-size-default\">Polisi Cwcis<\/h1>\t\t\t\t<\/div>\n\t\t\t\t<\/div>\n\t\t\t\t\t<\/div>\n\t\t<\/div>\n\t\t\t\t\t<\/div>\n\t\t<\/section>\n\t\t<div class=\"elementor-element elementor-element-351490f e-flex e-con-boxed e-con e-parent\" data-id=\"351490f\" data-element_type=\"container\" data-e-type=\"container\">\n\t\t\t\t\t<div class=\"e-con-inner\">\n\t\t<div class=\"elementor-element elementor-element-3303b5d e-con-full e-flex e-con e-child\" data-id=\"3303b5d\" data-element_type=\"container\" data-e-type=\"container\">\n\t\t\t\t<div class=\"elementor-element elementor-element-b36588f policy-container elementor-widget elementor-widget-html\" data-id=\"b36588f\" data-element_type=\"widget\" data-e-type=\"widget\" data-widget_type=\"html.default\">\n\t\t\t\t<div class=\"elementor-widget-container\">\n\t\t\t\t\t\n<p>\n Dyddiad Dod i Rym: 02-Ebrill-2025<br>Diweddarwyd Ddiwethaf: 02-Ebrill-2025\n<\/p>\n\n&nbsp;\n<h2>Beth yw cwcis?<\/h2>\n<div class=\"cookie-policy-p\"><p>Mae\u2019r Polisi Cwcis hwn yn esbonio beth yw cwcis a sut rydym yn eu defnyddio, y mathau o gwcis a ddefnyddiwn h.y., y wybodaeth a gasglwn gan ddefnyddio cwcis a sut y caiff y wybodaeth honno ei defnyddio, yn ogystal \u00e2 sut i reoli\u2019r gosodiadau cwcis.<\/p> <p>Ffeiliau testun bychain a ddefnyddir i gadw darnau bychain o wybodaeth yw cwcis. Maent yn cael eu cadw ar eich dyfais pan mae\u2019r wefan yn llwytho ar eich porwr. Mae\u2019r cwcis hyn yn ein helpu i wneud y wefan weithio\u2019n gywir, ei gwneud yn fwy diogel, cynnig profiad gwell i\u2019r defnyddiwr, a deall sut mae\u2019r wefan yn perfformio, ac i ddadansoddi beth sy\u2019n gweithio a ble mae angen gwelliant.<\/p><\/div>\n\n&nbsp;\n<h2>Sut ydym yn defnyddio cwcis?<\/h2>\n<div class=\"cookie-policy-p\"><p>Fel y mwyafrif o\u2019r gwasanaethau ar-lein, mae ein gwefan yn defnyddio cwcis prif barti a thrydydd parti ar gyfer sawl diben. Mae cwcis prif barti yn angenrheidiol yn bennaf er mwyn i\u2019r wefan weithio yn y ffordd gywir, ac nid ydynt yn casglu dim o\u2019ch data personol adnabyddadwy.<\/p> <p>Mae\u2019r cwcis trydydd parti a ddefnyddir ar ein gwefan yn bennaf er mwyn deall sut mae\u2019r wefan yn perfformio, sut rydych yn rhyngweithio gyda\u2019n gwefan, cadw ein gwasanaethau\u2019n ddiogel, darparu hysbysebion sy\u2019n berthnasol i chi, a darparu profiad defnyddiwr gwell i chi yn gyffredinol a helpu i gyflymu eich rhyngweithiadau gyda\u2019n gwefan yn y dyfodol.<\/p><\/div>\n\n&nbsp;\n    <h2>Mathau o Gwcis a ddefnyddiwn<\/h2>\n\n    <div class=\"cky-audit-table-element\"><\/div>\n\n&nbsp;\n    <h2 style=\"margin-bottom:20px;\">Rheoli dewisiadau cwcis<\/h2>\n\n    <a class=\"cky-banner-element\">Gosodiadau Cwcis<\/a> <br>\n    <div><p>Gallwch newid eich dewisiadau cwcis unrhyw bryd drwy glicio ar y botwm uchod. Bydd hyn yn eich galluogi i ailymweld \u00e2\u2019r faner caniat\u00e2d cwcis a newid eich dewisiadau neu dynnu eich caniat\u00e2d yn \u00f4l ar unwaith. <\/p> <p>Yn ogystal \u00e2 hyn, mae gwahanol borwyr yn cynnig gwahanol ddulliau o atal a dileu cwcis a ddefnyddir gan wefannau. Gallwch newid gosodiadau eich porwr i atal\/dileu\u2019r cwcis. Isod, ceir rhestr o ddolenni at ddogfennau cymorth ar sut i reoli a dileu cwcis ar y prif borwyr gwe.<\/p> <p>Chrome: <a target=\"_blank\" href=\"https:\/\/support.google.com\/accounts\/answer\/32050\">https:\/\/support.google.com\/accounts\/answer\/32050<\/a><\/p><p>Safari: <a target=\"_blank\" href=\"https:\/\/support.apple.com\/en-in\/guide\/safari\/sfri11471\/mac\">https:\/\/support.apple.com\/en-in\/guide\/safari\/sfri11471\/mac<\/a><\/p><p>Firefox: <a target=\"_blank\" href=\"https:\/\/support.mozilla.org\/en-US\/kb\/clear-cookies-and-site-data-firefox?redirectslug=delete-cookies-remove-info-websites-stored&amp;redirectlocale=en-US\">https:\/\/support.mozilla.org\/en-US\/kb\/clear-cookies-and-site-data-firefox?redirectslug=delete-cookies-remove-info-websites-stored&amp;redirectlocale=en-US<\/a><\/p><p>Internet Explorer: <a target=\"_blank\" href=\"https:\/\/support.microsoft.com\/en-us\/topic\/how-to-delete-cookie-files-in-internet-explorer-bca9446f-d873-78de-77ba-d42645fa52fc\">https:\/\/support.microsoft.com\/en-us\/topic\/how-to-delete-cookie-files-in-internet-explorer-bca9446f-d873-78de-77ba-d42645fa52fc<\/a><\/p><p>Os ydych yn defnyddio unrhyw borwr gwe arall, ewch i edrych ar ddogfennau cymorth swyddogol eich porwr.<\/p><\/div>\n\n\n&nbsp;\n<p class=\"cookie-policy-p\">\n Cynhyrchwyd y Polisi Cwcis hwn gan <a target=\"_blank\" href=\"https:\/\/www.cookieyes.com\/?utm_source=CP&amp;utm_medium=footer&amp;utm_campaign=UW\">CookieYes - Cookie Policy Generator<\/a>.\n<\/p>\t\t\t\t<\/div>\n\t\t\t\t<\/div>\n\t\t\t\t<\/div>\n\t\t\t\t\t<\/div>\n\t\t\t\t<\/div>\n\t\t\t\t<\/div>\n\t\t","protected":false},"excerpt":{"rendered":"<p>Polisi Cwcis Dyddiad Dod i Rym: 02-Ebrill-2025Diweddarwyd Ddiwethaf: 02-Ebrill-2025 &nbsp; Beth yw cwcis? Mae\u2019r Polisi Cwcis hwn yn esbonio beth yw cwcis a sut rydym yn eu defnyddio, y mathau o gwcis a ddefnyddiwn h.y., y wybodaeth a gasglwn gan ddefnyddio cwcis a sut y caiff y wybodaeth honno ei defnyddio, yn ogystal \u00e2 sut [&hellip;]<\/p>\n","protected":false},"author":1,"featured_media":1474,"parent":0,"menu_order":0,"comment_status":"closed","ping_status":"closed","template":"","meta":{"footnotes":""},"class_list":["post-7071","page","type-page","status-publish","has-post-thumbnail","hentry"],"yoast_head":"<!-- This site is optimized with the Yoast SEO plugin v27.5 - https:\/\/yoast.com\/product\/yoast-seo-wordpress\/ -->\n<title>Polisi Cwcis | Tenet Consultants<\/title>\n<meta name=\"description\" content=\"Dysgwch sut rydym yn defnyddio cwcis i wella eich profiad ar y we. Darllenwch ein Polisi Cwcis i reoli eich dewisiadau\" \/>\n<meta name=\"robots\" content=\"index, follow, max-snippet:-1, max-image-preview:large, max-video-preview:-1\" \/>\n<link rel=\"canonical\" href=\"https:\/\/tenetconsultants.com\/cy\/polisi-cwcis\/\" \/>\n<meta property=\"og:locale\" content=\"cy_GB\" \/>\n<meta property=\"og:type\" content=\"article\" \/>\n<meta property=\"og:title\" content=\"Polisi Cwcis | Tenet Consultants\" \/>\n<meta property=\"og:description\" content=\"Dysgwch sut rydym yn defnyddio cwcis i wella eich profiad ar y we. Darllenwch ein Polisi Cwcis i reoli eich dewisiadau\" \/>\n<meta property=\"og:url\" content=\"https:\/\/tenetconsultants.com\/cy\/polisi-cwcis\/\" \/>\n<meta property=\"og:site_name\" content=\"Tenet Consultants\" \/>\n<meta property=\"article:modified_time\" content=\"2025-09-09T09:40:13+00:00\" \/>\n<meta property=\"og:image\" content=\"https:\/\/tenetconsultants.com\/wp-content\/uploads\/2025\/01\/timeline.jpg\" \/>\n\t<meta property=\"og:image:width\" content=\"1538\" \/>\n\t<meta property=\"og:image:height\" content=\"1124\" \/>\n\t<meta property=\"og:image:type\" content=\"image\/jpeg\" \/>\n<meta name=\"twitter:card\" content=\"summary_large_image\" \/>\n<meta name=\"twitter:label1\" content=\"Est. reading time\" \/>\n\t<meta name=\"twitter:data1\" content=\"2 minutes\" \/>\n<script type=\"application\/ld+json\" class=\"yoast-schema-graph\">{\"@context\":\"https:\\\/\\\/schema.org\",\"@graph\":[{\"@type\":\"WebPage\",\"@id\":\"https:\\\/\\\/tenetconsultants.com\\\/cy\\\/polisi-cwcis\\\/\",\"url\":\"https:\\\/\\\/tenetconsultants.com\\\/cy\\\/polisi-cwcis\\\/\",\"name\":\"Polisi Cwcis | Tenet Consultants\",\"isPartOf\":{\"@id\":\"https:\\\/\\\/tenetconsultants.com\\\/cy\\\/#website\"},\"primaryImageOfPage\":{\"@id\":\"https:\\\/\\\/tenetconsultants.com\\\/cy\\\/polisi-cwcis\\\/#primaryimage\"},\"image\":{\"@id\":\"https:\\\/\\\/tenetconsultants.com\\\/cy\\\/polisi-cwcis\\\/#primaryimage\"},\"thumbnailUrl\":\"https:\\\/\\\/tenetconsultants.com\\\/wp-content\\\/uploads\\\/2025\\\/01\\\/timeline.jpg\",\"datePublished\":\"2025-02-10T21:28:56+00:00\",\"dateModified\":\"2025-09-09T09:40:13+00:00\",\"description\":\"Dysgwch sut rydym yn defnyddio cwcis i wella eich profiad ar y we. Darllenwch ein Polisi Cwcis i reoli eich dewisiadau\",\"breadcrumb\":{\"@id\":\"https:\\\/\\\/tenetconsultants.com\\\/cy\\\/polisi-cwcis\\\/#breadcrumb\"},\"inLanguage\":\"cy-GB\",\"potentialAction\":[{\"@type\":\"ReadAction\",\"target\":[\"https:\\\/\\\/tenetconsultants.com\\\/cy\\\/polisi-cwcis\\\/\"]}]},{\"@type\":\"ImageObject\",\"inLanguage\":\"cy-GB\",\"@id\":\"https:\\\/\\\/tenetconsultants.com\\\/cy\\\/polisi-cwcis\\\/#primaryimage\",\"url\":\"https:\\\/\\\/tenetconsultants.com\\\/wp-content\\\/uploads\\\/2025\\\/01\\\/timeline.jpg\",\"contentUrl\":\"https:\\\/\\\/tenetconsultants.com\\\/wp-content\\\/uploads\\\/2025\\\/01\\\/timeline.jpg\",\"width\":1538,\"height\":1124,\"caption\":\"timeline\"},{\"@type\":\"BreadcrumbList\",\"@id\":\"https:\\\/\\\/tenetconsultants.com\\\/cy\\\/polisi-cwcis\\\/#breadcrumb\",\"itemListElement\":[{\"@type\":\"ListItem\",\"position\":1,\"name\":\"Hafan\",\"item\":\"https:\\\/\\\/tenetconsultants.com\\\/cy\\\/prif-dudalen\\\/\"},{\"@type\":\"ListItem\",\"position\":2,\"name\":\"Polisi Cwcis\"}]},{\"@type\":\"WebSite\",\"@id\":\"https:\\\/\\\/tenetconsultants.com\\\/cy\\\/#website\",\"url\":\"https:\\\/\\\/tenetconsultants.com\\\/cy\\\/\",\"name\":\"Tenet Consultants\",\"description\":\"\",\"potentialAction\":[{\"@type\":\"SearchAction\",\"target\":{\"@type\":\"EntryPoint\",\"urlTemplate\":\"https:\\\/\\\/tenetconsultants.com\\\/cy\\\/?s={search_term_string}\"},\"query-input\":{\"@type\":\"PropertyValueSpecification\",\"valueRequired\":true,\"valueName\":\"search_term_string\"}}],\"inLanguage\":\"cy-GB\"}]}<\/script>\n<!-- \/ Yoast SEO plugin. -->","yoast_head_json":{"title":"Polisi Cwcis | Tenet Consultants","description":"Dysgwch sut rydym yn defnyddio cwcis i wella eich profiad ar y we. Darllenwch ein Polisi Cwcis i reoli eich dewisiadau","robots":{"index":"index","follow":"follow","max-snippet":"max-snippet:-1","max-image-preview":"max-image-preview:large","max-video-preview":"max-video-preview:-1"},"canonical":"https:\/\/tenetconsultants.com\/cy\/polisi-cwcis\/","og_locale":"cy_GB","og_type":"article","og_title":"Polisi Cwcis | Tenet Consultants","og_description":"Dysgwch sut rydym yn defnyddio cwcis i wella eich profiad ar y we. Darllenwch ein Polisi Cwcis i reoli eich dewisiadau","og_url":"https:\/\/tenetconsultants.com\/cy\/polisi-cwcis\/","og_site_name":"Tenet Consultants","article_modified_time":"2025-09-09T09:40:13+00:00","og_image":[{"width":1538,"height":1124,"url":"https:\/\/tenetconsultants.com\/wp-content\/uploads\/2025\/01\/timeline.jpg","type":"image\/jpeg"}],"twitter_card":"summary_large_image","twitter_misc":{"Est. reading time":"2 minutes"},"schema":{"@context":"https:\/\/schema.org","@graph":[{"@type":"WebPage","@id":"https:\/\/tenetconsultants.com\/cy\/polisi-cwcis\/","url":"https:\/\/tenetconsultants.com\/cy\/polisi-cwcis\/","name":"Polisi Cwcis | Tenet Consultants","isPartOf":{"@id":"https:\/\/tenetconsultants.com\/cy\/#website"},"primaryImageOfPage":{"@id":"https:\/\/tenetconsultants.com\/cy\/polisi-cwcis\/#primaryimage"},"image":{"@id":"https:\/\/tenetconsultants.com\/cy\/polisi-cwcis\/#primaryimage"},"thumbnailUrl":"https:\/\/tenetconsultants.com\/wp-content\/uploads\/2025\/01\/timeline.jpg","datePublished":"2025-02-10T21:28:56+00:00","dateModified":"2025-09-09T09:40:13+00:00","description":"Dysgwch sut rydym yn defnyddio cwcis i wella eich profiad ar y we. Darllenwch ein Polisi Cwcis i reoli eich dewisiadau","breadcrumb":{"@id":"https:\/\/tenetconsultants.com\/cy\/polisi-cwcis\/#breadcrumb"},"inLanguage":"cy-GB","potentialAction":[{"@type":"ReadAction","target":["https:\/\/tenetconsultants.com\/cy\/polisi-cwcis\/"]}]},{"@type":"ImageObject","inLanguage":"cy-GB","@id":"https:\/\/tenetconsultants.com\/cy\/polisi-cwcis\/#primaryimage","url":"https:\/\/tenetconsultants.com\/wp-content\/uploads\/2025\/01\/timeline.jpg","contentUrl":"https:\/\/tenetconsultants.com\/wp-content\/uploads\/2025\/01\/timeline.jpg","width":1538,"height":1124,"caption":"timeline"},{"@type":"BreadcrumbList","@id":"https:\/\/tenetconsultants.com\/cy\/polisi-cwcis\/#breadcrumb","itemListElement":[{"@type":"ListItem","position":1,"name":"Hafan","item":"https:\/\/tenetconsultants.com\/cy\/prif-dudalen\/"},{"@type":"ListItem","position":2,"name":"Polisi Cwcis"}]},{"@type":"WebSite","@id":"https:\/\/tenetconsultants.com\/cy\/#website","url":"https:\/\/tenetconsultants.com\/cy\/","name":"Tenet Consultants","description":"","potentialAction":[{"@type":"SearchAction","target":{"@type":"EntryPoint","urlTemplate":"https:\/\/tenetconsultants.com\/cy\/?s={search_term_string}"},"query-input":{"@type":"PropertyValueSpecification","valueRequired":true,"valueName":"search_term_string"}}],"inLanguage":"cy-GB"}]}},"_links":{"self":[{"href":"https:\/\/tenetconsultants.com\/cy\/wp-json\/wp\/v2\/pages\/7071","targetHints":{"allow":["GET"]}}],"collection":[{"href":"https:\/\/tenetconsultants.com\/cy\/wp-json\/wp\/v2\/pages"}],"about":[{"href":"https:\/\/tenetconsultants.com\/cy\/wp-json\/wp\/v2\/types\/page"}],"author":[{"embeddable":true,"href":"https:\/\/tenetconsultants.com\/cy\/wp-json\/wp\/v2\/users\/1"}],"replies":[{"embeddable":true,"href":"https:\/\/tenetconsultants.com\/cy\/wp-json\/wp\/v2\/comments?post=7071"}],"version-history":[{"count":5,"href":"https:\/\/tenetconsultants.com\/cy\/wp-json\/wp\/v2\/pages\/7071\/revisions"}],"predecessor-version":[{"id":9293,"href":"https:\/\/tenetconsultants.com\/cy\/wp-json\/wp\/v2\/pages\/7071\/revisions\/9293"}],"wp:featuredmedia":[{"embeddable":true,"href":"https:\/\/tenetconsultants.com\/cy\/wp-json\/wp\/v2\/media\/1474"}],"wp:attachment":[{"href":"https:\/\/tenetconsultants.com\/cy\/wp-json\/wp\/v2\/media?parent=7071"}],"curies":[{"name":"wp","href":"https:\/\/api.w.org\/{rel}","templated":true}]}}