{"id":7005,"date":"2025-02-10T21:37:05","date_gmt":"2025-02-10T21:37:05","guid":{"rendered":"https:\/\/tenetconsultants.com\/datganiad-preifatrwydd\/"},"modified":"2025-05-12T13:38:25","modified_gmt":"2025-05-12T13:38:25","slug":"datganiad-preifatrwydd","status":"publish","type":"page","link":"https:\/\/tenetconsultants.com\/cy\/datganiad-preifatrwydd\/","title":{"rendered":"Datganiad preifatrwydd"},"content":{"rendered":"\t\t<div data-elementor-type=\"wp-page\" data-elementor-id=\"7005\" class=\"elementor elementor-7005 elementor-3045\" data-elementor-post-type=\"page\">\n\t\t\t\t\t\t<section class=\"elementor-section elementor-top-section elementor-element elementor-element-9bb93f6 elementor-section-boxed elementor-section-height-default elementor-section-height-default\" data-id=\"9bb93f6\" data-element_type=\"section\" data-e-type=\"section\" data-settings=\"{&quot;background_background&quot;:&quot;classic&quot;}\">\n\t\t\t\t\t\t<div class=\"elementor-container elementor-column-gap-default\">\n\t\t\t\t\t<div class=\"elementor-column elementor-col-100 elementor-top-column elementor-element elementor-element-065da37\" data-id=\"065da37\" data-element_type=\"column\" data-e-type=\"column\">\n\t\t\t<div class=\"elementor-widget-wrap elementor-element-populated\">\n\t\t\t\t\t\t<div class=\"elementor-element elementor-element-5401e46 elementor-widget__width-initial elementor-widget elementor-widget-heading\" data-id=\"5401e46\" data-element_type=\"widget\" data-e-type=\"widget\" data-widget_type=\"heading.default\">\n\t\t\t\t<div class=\"elementor-widget-container\">\n\t\t\t\t\t<h1 class=\"elementor-heading-title elementor-size-default\">Datganiad preifatrwydd<\/h1>\t\t\t\t<\/div>\n\t\t\t\t<\/div>\n\t\t\t\t\t<\/div>\n\t\t<\/div>\n\t\t\t\t\t<\/div>\n\t\t<\/section>\n\t\t<div class=\"elementor-element elementor-element-351490f e-flex e-con-boxed e-con e-parent\" data-id=\"351490f\" data-element_type=\"container\" data-e-type=\"container\">\n\t\t\t\t\t<div class=\"e-con-inner\">\n\t\t<div class=\"elementor-element elementor-element-3303b5d e-con-full e-flex e-con e-child\" data-id=\"3303b5d\" data-element_type=\"container\" data-e-type=\"container\">\n\t\t\t\t<div class=\"elementor-element elementor-element-b36588f policy-container elementor-widget elementor-widget-html\" data-id=\"b36588f\" data-element_type=\"widget\" data-e-type=\"widget\" data-widget_type=\"html.default\">\n\t\t\t\t<div class=\"elementor-widget-container\">\n\t\t\t\t\t<p>Diweddarwyd Ddiwethaf Ar 02-Ebrill-2025\n<br>Dyddiad Dod i Rym 02-Ebrill-2025\n<\/p>\n\n<p class=\"privacy-policy-p\">\n Mae\u2019r Polisi Preifatrwydd hwn yn disgrifio polis\u00efau\n\n Mae\u2019r Polisi Preifatrwydd hwn yn disgrifio polis\u00efau Tenet Consultants Ltd, 401 Faraday Street, Birchwood Park, Warrington,, Swydd Gaer WA3 6GA, Deyrnas Unedig Prydain Fawr a Gogledd Iwerddon (y), e-bostiwch: info@tenetconsultants.co.uk, neu ffoniwch: 01925230700\n\n ynghylch casglu, \ndefnyddio a datgelu y wybodaeth amdanoch a gasglwn pan fyddwch yn defnyddio ein gwefan (https:\/\/tenetconsultants.com\/ ). (y \u201cGwasanaeth\u201d).\nDrwy gyrchu neu ddefnyddio y Gwasanaeth, rydych yn caniat\u00e1u i\u2019ch gwybodaeth gael ei chasglu, ei defnyddio a\u2019i datgelu yn unol \u00e2\u2019r Polisi Preifatrwydd hwn. Os nad ydych yn caniat\u00e1u hynny, peidiwch \u00e2 chyrchu na defnyddio y Gwasanaeth.  \n<\/p>\n\n<p class=\"privacy-policy-p\">\n Efallai y byddwn yn newid y Polisi Preifatrwydd hwn ar unrhyw adeg heb eich rhybuddio, a byddwn yn cyhoeddi\u2019r Polisi Preifatrwydd diwygiedig ar y Gwasanaeth. Bydd y Polisi diwygiedig yn dod i rym 180 diwrnod o\u2019r adeg y caiff y Polisi diwygiedig ei gyhoeddi ar y Gwasanaeth, ac os byddwch yn parhau i gyrchu neu ddefnyddio y Gwasanaeth ar \u00f4l yr adeg honno byddwch yn datgan drwy hynny eich bod yn derbyn y Polisi Preifatrwydd diwygiedig. Rydym felly\u2019n argymell eich bod yn ailymweld \u00e2\u2019r dudalen hon o bryd i\u2019w gilydd.  \n<\/p>\n\n<ol class=\"privacy-policy-ol\">\n        <li>\n        <h2 class=\"privacy-policy-h2\">\n Y Wybodaeth a Gasglwn:\n        <\/h2>\n\n        \n        <p class=\"privacy-policy-p\">\n Byddwn yn casglu a phrosesu\u2019r wybodaeth bersonol ganlynol amdanoch:\n        <\/p>\n        <ol class=\"privacy-policy-ol\">\n\n                        <li>Enw<\/li>\n            \n                        <li>E-bost<\/li>\n            \n            \n            \n            \n            \n            \n                        \n                                    \n        <\/ol>\n        \n\n        \n\n    <\/li>\n\n    \n    \n\n        <li>\n        <h2 class=\"privacy-policy-h2\">\n Sut Rydym yn Defnyddio Eich Gwybodaeth:\n        <\/h2>\n        <p class=\"privacy-policy-p\">\n Byddwn yn defnyddio\u2019r wybodaeth a gasglwn amdanoch at y dibenion canlynol:\n        <\/p>\n        <ol class=\"privacy-policy-ol\">\n\n            \n            \n                        <li>Geirdaon<\/li>\n            \n                        <li>Casglu adborth gan gwsmeriaid<\/li>\n            \n            \n            \n                        <li>Cefnogaeth<\/li>\n            \n                        <li>Gwybodaeth weinyddol<\/li>\n            \n            \n            \n            \n            \n            \n            \n        <\/ol>\n        <p class=\"privacy-policy-p\">\n Os byddwn eisiau defnyddio eich gwybodaeth at unrhyw ddiben arall, byddwn yn gofyn i chi am eich caniat\u00e2d ac yn defnyddio eich gwybodaeth dim ond ar \u00f4l cael eich caniat\u00e2d, a hynny dim ond at y diben(ion) y rhoddwyd caniat\u00e2d ar eu cyfer, oni bai ei bod yn ofynnol i ni wneud fel arall yn \u00f4l y gyfraith.\n        <\/p>\n    <\/li>\n    \n    \n    <li>\n        <h2 class=\"privacy-policy-h2\">\n Sut Rydym yn Rhannu Eich Gwybodaeth:\n        <\/h2>\n\n\n                <p class=\"privacy-policy-p\">\n Ni fyddwn yn rhannu eich gwybodaeth bersonol ag unrhyw drydydd parti heb ofyn am eich caniat\u00e2d, ac eithrio dan yr amgylchiadau cyfyngedig a ddisgrifir isod:\n        <\/p>\n        <ol class=\"privacy-policy-ol\">\n                        <li>Gwasanaeth hysbysebu<\/li>\n            \n            \n            \n            \n                        <li>Dadansoddi<\/li>\n            \n            \n                        <li>Casglu a phrosesu data<\/li>\n                    <\/ol>\n        \n        <p class=\"privacy-policy-p\">\n Rydym yn gofyn i drydydd part\u00efon o\u2019r fath ddefnyddio\u2019r wybodaeth bersonol a drosglwyddwn iddynt at y diben y cafodd ei throsglwyddo ar ei gyfer yn unig ac i beidio \u00e2 chadw\u2019r wybodaeth am gyfnod hirach na sydd ei angen er mwyn cyflawni\u2019r diben dan sylw.\n        <\/p>\n        <p class=\"privacy-policy-p\">\n Efallai y byddwn hefyd yn datgelu eich gwybodaeth bersonol ar gyfer y canlynol: (1) I gydymffurfio \u00e2 chyfraith, rheoliad, gorchymyn llys neu broses gyfreithiol arall sy\u2019n berthnasol; (2) i orfodi eich cytundebau gyda ni, gan gynnwys y Polisi Preifatrwydd hwn; neu (3) i ymateb i honiadau fod eich defnydd o\u2019r Gwasanaeth yn gweithredu\u2019n groes i unrhyw hawliau trydydd parti. Os yw\u2019r Gwasanaeth neu ein cwmni yn cael ei gyfuno neu ei gaffael gan gwmni arall, bydd eich gwybodaeth yn un o\u2019r asedau a drosglwyddir i\u2019r perchennog newydd. \n        <\/p>\n    <\/li>\n    \n\n        <li>\n        <h2 class=\"privacy-policy-h2\">\n Cadw Eich Gwybodaeth:\n        <\/h2>\n        <p class=\"privacy-policy-p\">\n Byddwn yn cadw eich gwybodaeth bersonol yn ein meddiant am Gyfnod Amhenodol neu gyhyd ag y mae ei hangen arnom i gyflawni\u2019r dibenion y casglwyd y wybodaeth er eu cyfer, yn unol \u00e2\u2019r manylion yn y Polisi Preifatrwydd hwn.\nEfallai y bydd angen i ni gadw gwybodaeth benodol am gyfnodau hirach, e.e. cadw cofnodion \/ adroddiadau, yn unol \u00e2 chyfraith berthnasol neu am resymau cyfreithlon eraill, megis gorfodi hawliau cyfreithiol, atal twyll, ayyb.\nGall gwybodaeth weddilliol ddienw a gwybodaeth gyfun, lle nad yw\u2019r naill na\u2019r nall yn datgelu pwy ydych (yn uniongyrchol nac yn anuniongyrchol), gael ei chadw am gyfnod amhenodol.  \n        <\/p>\n    <\/li>\n    \n    <li>\n        <h2 class=\"privacy-policy-h2\">\n Eich Hawliau:\n        <\/h2>\n        <p class=\"privacy-policy-p\">\n Byddwn yn ymateb i\u2019ch cais yn unol \u00e2 chyfraith berthnasol.Yn dibynnu ar y gyfraith sy\u2019n berthnasol, efallai fod gennych hawl i gael mynediad at eich gwybodaeth bersonol a\u2019i chywiro neu ei dileu, neu i gael copi o\u2019ch data personol, gwrthwynebu neu gyfyngu ar brosesu\u2019ch data\u2019n weithredol, gofyn i ni rannu (cludo) eich gwybodaeth bersonol ag endid arall, tynnu\u2019n \u00f4l unrhyw ganiat\u00e2d y gwnaethoch ei rhoi i ni i brosesu eich data, hawl i gofnodi cwyn gydag awdurdod statudol a hawliau eraill o\u2019r fath sy\u2019n berthnasol dan gyfreithiau perthnasol. I arfer yr hawliau hyn, gallwch ysgrifennu atom drwy info@tenetconsultants.co.uk. \n        <\/p>\n\n        \n        <p class=\"privacy-policy-p\">\n Noder, os nad ydych yn rhoi caniat\u00e2d i ni gasglu neu brosesu y wybodaeth bersonol angenrheidiol neu os ydych yn tynnu\u2019r caniat\u00e2d yn \u00f4l i brosesu\u2019r wybodaeth bersonol angenrheidiol at y dibenion gofynnol, efallai na fyddwch yn gallu cyrchu na defnyddio y gwasanaethau y gofynnwyd am eich gwybodaeth ar eu cyfer.\n        <\/p>\n    <\/li>\n        <li>\n        <h2 class=\"privacy-policy-h2\">\n Cwcis ayyb.\n        <\/h2>\n        <p class=\"privacy-policy-p\">\n\n            \n I ddysgu rhagor am y ffordd y defnyddiwn y rhain a\u2019ch dewisiadau o ran y technolegau olrhain hyn, cyfeiriwch at ein \n<a href=\"https:\/\/tenetconsultants.com\/cy\/polisi-cwcis\/\">Polisi Cwcis.<\/a>\n        <\/p>\n    <\/li>\n    \n    <li>\n        <h2 class=\"privacy-policy-h2\">\n Diogelwch:\n        <\/h2>\n        <p class=\"privacy-policy-p\">\n Mae diogelwch eich gwybodaeth yn bwysig i ni a byddwn yn defnyddio mesurau diogelu rhesymol i atal eich gwybodaeth sydd dan ein rheolaeth rhag cael ei cholli, ei chamddefnyddio neu ei newid heb awdurdod. Fodd bynnag, o ystyried y risgiau ymhlyg, ni allwn sicrhau diogelwch llwyr ac o ganlyniad, ni allwn sicrhau na gwarantu diogelwch unrhyw wybodaeth a drosglwyddwch i ni ac rydych yn gwneud hynny ar eich risg eich hun. \n        <\/p>\n    <\/li>\n\n        <li>\n        <h2 class=\"privacy-policy-h2\">\n Dolenni Trydydd Parti a Defnydd o\u2019ch Gwybodaeth:\n        <\/h2>\n        <p class=\"privacy-policy-p\">\n Gall ein Gwasanaeth gynnwys dolenni i wefannau eraill nad ydynt yn cael eu gweithredu gennym ni. Nid yw\u2019r Polisi Preifatrwydd hwn yn ymdrin \u00e2 pholis\u00efau preifatrwydd ac arferion eraill unrhyw drydydd parti, gan gynnwys unrhyw drydydd parti sy\u2019n gweithredu unrhyw wefan neu wasanaeth a all fod ar gael drwy ddolen ar y Gwasanaeth.  Rydym yn eich argymell yn gryf i ddarllen polisi preifatrwydd pob gwefan a ddefnyddiwch. Nid oes gennym unrhyw reolaeth dros gynnwys, polis\u00efau preifatrwydd nac arferion unrhyw wefannau na gwasanaethau trydydd parti, ac nid ydym yn derbyn dim cyfrifoldeb amdanynt.\n        <\/p>\n    <\/li>\n    \n    <li>\n        <h2 class=\"privacy-policy-h2\">\n Swyddog Cwynion \/ Diogelu Data:\n        <\/h2>\n        <p class=\"privacy-policy-p\">\n Os oes gennych unrhyw ymholiadau neu bryderon ynghylch prosesu eich gwybodaeth sydd yn ein meddiant, gallwch anfon e-bost at ein Swyddog Cwynion yn Tenet Consultants Ltd, 401 Faraday Street, Birchwood Park, Warrington, Swydd Gaer, WA3 6GA, e-bost: info@tenetconsultants.co.uk.\nByddwn yn delio \u00e2'ch pryderon yn unol \u00e2 chyfraith berthnasol.\n        <\/p>\n    <\/li>\n<\/ol>\n<p class=\"privacy-policy-p\">\n Cynhyrchwyd y Polisi Preifatrwydd hwn gyda <a target=\"_blank\" href=\"https:\/\/www.cookieyes.com\/?utm_source=PP&amp;utm_medium=footer&amp;utm_campaign=UW\">CookieYes<\/a>.\n<\/p>\t\t\t\t<\/div>\n\t\t\t\t<\/div>\n\t\t\t\t<\/div>\n\t\t\t\t\t<\/div>\n\t\t\t\t<\/div>\n\t\t\t\t<\/div>\n\t\t","protected":false},"excerpt":{"rendered":"<p>Datganiad preifatrwydd Diweddarwyd Ddiwethaf Ar 02-Ebrill-2025 Dyddiad Dod i Rym 02-Ebrill-2025 Mae\u2019r Polisi Preifatrwydd hwn yn disgrifio polis\u00efau Mae\u2019r Polisi Preifatrwydd hwn yn disgrifio polis\u00efau Tenet Consultants Ltd, 401 Faraday Street, Birchwood Park, Warrington,, Swydd Gaer WA3 6GA, Deyrnas Unedig Prydain Fawr a Gogledd Iwerddon (y), e-bostiwch: info@tenetconsultants.co.uk, neu ffoniwch: 01925230700 ynghylch casglu, defnyddio a [&hellip;]<\/p>\n","protected":false},"author":1,"featured_media":4202,"parent":0,"menu_order":0,"comment_status":"closed","ping_status":"closed","template":"","meta":{"footnotes":""},"class_list":["post-7005","page","type-page","status-publish","has-post-thumbnail","hentry"],"yoast_head":"<!-- This site is optimized with the Yoast SEO plugin v27.5 - https:\/\/yoast.com\/product\/yoast-seo-wordpress\/ -->\n<title>Polisi Preifatrwydd |<\/title>\n<meta name=\"description\" content=\"Sut rydym yn casglu, defnyddio a diogelu eich gwybodaeth bersonol pan fyddwch yn defnyddio ein gwefan, gan gynnig profiad diogel i bawb.\" \/>\n<meta name=\"robots\" content=\"index, follow, max-snippet:-1, max-image-preview:large, max-video-preview:-1\" \/>\n<link rel=\"canonical\" href=\"https:\/\/tenetconsultants.com\/cy\/datganiad-preifatrwydd\/\" \/>\n<meta property=\"og:locale\" content=\"cy_GB\" \/>\n<meta property=\"og:type\" content=\"article\" \/>\n<meta property=\"og:title\" content=\"Polisi Preifatrwydd |\" \/>\n<meta property=\"og:description\" content=\"Sut rydym yn casglu, defnyddio a diogelu eich gwybodaeth bersonol pan fyddwch yn defnyddio ein gwefan, gan gynnig profiad diogel i bawb.\" \/>\n<meta property=\"og:url\" content=\"https:\/\/tenetconsultants.com\/cy\/datganiad-preifatrwydd\/\" \/>\n<meta property=\"og:site_name\" content=\"Tenet Consultants\" \/>\n<meta property=\"article:modified_time\" content=\"2025-05-12T13:38:25+00:00\" \/>\n<meta property=\"og:image\" content=\"https:\/\/tenetconsultants.com\/wp-content\/uploads\/2025\/02\/TENET-WALES-HEADSHOTS-MARCH-2024-LO-RES-02.jpg\" \/>\n\t<meta property=\"og:image:width\" content=\"1076\" \/>\n\t<meta property=\"og:image:height\" content=\"704\" \/>\n\t<meta property=\"og:image:type\" content=\"image\/jpeg\" \/>\n<meta name=\"twitter:card\" content=\"summary_large_image\" \/>\n<meta name=\"twitter:label1\" content=\"Est. reading time\" \/>\n\t<meta name=\"twitter:data1\" content=\"5 minutes\" \/>\n<script type=\"application\/ld+json\" class=\"yoast-schema-graph\">{\"@context\":\"https:\\\/\\\/schema.org\",\"@graph\":[{\"@type\":\"WebPage\",\"@id\":\"https:\\\/\\\/tenetconsultants.com\\\/cy\\\/datganiad-preifatrwydd\\\/\",\"url\":\"https:\\\/\\\/tenetconsultants.com\\\/cy\\\/datganiad-preifatrwydd\\\/\",\"name\":\"Polisi Preifatrwydd |\",\"isPartOf\":{\"@id\":\"https:\\\/\\\/tenetconsultants.com\\\/cy\\\/#website\"},\"primaryImageOfPage\":{\"@id\":\"https:\\\/\\\/tenetconsultants.com\\\/cy\\\/datganiad-preifatrwydd\\\/#primaryimage\"},\"image\":{\"@id\":\"https:\\\/\\\/tenetconsultants.com\\\/cy\\\/datganiad-preifatrwydd\\\/#primaryimage\"},\"thumbnailUrl\":\"https:\\\/\\\/tenetconsultants.com\\\/wp-content\\\/uploads\\\/2025\\\/02\\\/TENET-WALES-HEADSHOTS-MARCH-2024-LO-RES-02.jpg\",\"datePublished\":\"2025-02-10T21:37:05+00:00\",\"dateModified\":\"2025-05-12T13:38:25+00:00\",\"description\":\"Sut rydym yn casglu, defnyddio a diogelu eich gwybodaeth bersonol pan fyddwch yn defnyddio ein gwefan, gan gynnig profiad diogel i bawb.\",\"breadcrumb\":{\"@id\":\"https:\\\/\\\/tenetconsultants.com\\\/cy\\\/datganiad-preifatrwydd\\\/#breadcrumb\"},\"inLanguage\":\"cy-GB\",\"potentialAction\":[{\"@type\":\"ReadAction\",\"target\":[\"https:\\\/\\\/tenetconsultants.com\\\/cy\\\/datganiad-preifatrwydd\\\/\"]}]},{\"@type\":\"ImageObject\",\"inLanguage\":\"cy-GB\",\"@id\":\"https:\\\/\\\/tenetconsultants.com\\\/cy\\\/datganiad-preifatrwydd\\\/#primaryimage\",\"url\":\"https:\\\/\\\/tenetconsultants.com\\\/wp-content\\\/uploads\\\/2025\\\/02\\\/TENET-WALES-HEADSHOTS-MARCH-2024-LO-RES-02.jpg\",\"contentUrl\":\"https:\\\/\\\/tenetconsultants.com\\\/wp-content\\\/uploads\\\/2025\\\/02\\\/TENET-WALES-HEADSHOTS-MARCH-2024-LO-RES-02.jpg\",\"width\":1076,\"height\":704,\"caption\":\"Huw Brassington\"},{\"@type\":\"BreadcrumbList\",\"@id\":\"https:\\\/\\\/tenetconsultants.com\\\/cy\\\/datganiad-preifatrwydd\\\/#breadcrumb\",\"itemListElement\":[{\"@type\":\"ListItem\",\"position\":1,\"name\":\"Hafan\",\"item\":\"https:\\\/\\\/tenetconsultants.com\\\/cy\\\/prif-dudalen\\\/\"},{\"@type\":\"ListItem\",\"position\":2,\"name\":\"Datganiad preifatrwydd\"}]},{\"@type\":\"WebSite\",\"@id\":\"https:\\\/\\\/tenetconsultants.com\\\/cy\\\/#website\",\"url\":\"https:\\\/\\\/tenetconsultants.com\\\/cy\\\/\",\"name\":\"Tenet Consultants\",\"description\":\"\",\"potentialAction\":[{\"@type\":\"SearchAction\",\"target\":{\"@type\":\"EntryPoint\",\"urlTemplate\":\"https:\\\/\\\/tenetconsultants.com\\\/cy\\\/?s={search_term_string}\"},\"query-input\":{\"@type\":\"PropertyValueSpecification\",\"valueRequired\":true,\"valueName\":\"search_term_string\"}}],\"inLanguage\":\"cy-GB\"}]}<\/script>\n<!-- \/ Yoast SEO plugin. -->","yoast_head_json":{"title":"Polisi Preifatrwydd |","description":"Sut rydym yn casglu, defnyddio a diogelu eich gwybodaeth bersonol pan fyddwch yn defnyddio ein gwefan, gan gynnig profiad diogel i bawb.","robots":{"index":"index","follow":"follow","max-snippet":"max-snippet:-1","max-image-preview":"max-image-preview:large","max-video-preview":"max-video-preview:-1"},"canonical":"https:\/\/tenetconsultants.com\/cy\/datganiad-preifatrwydd\/","og_locale":"cy_GB","og_type":"article","og_title":"Polisi Preifatrwydd |","og_description":"Sut rydym yn casglu, defnyddio a diogelu eich gwybodaeth bersonol pan fyddwch yn defnyddio ein gwefan, gan gynnig profiad diogel i bawb.","og_url":"https:\/\/tenetconsultants.com\/cy\/datganiad-preifatrwydd\/","og_site_name":"Tenet Consultants","article_modified_time":"2025-05-12T13:38:25+00:00","og_image":[{"width":1076,"height":704,"url":"https:\/\/tenetconsultants.com\/wp-content\/uploads\/2025\/02\/TENET-WALES-HEADSHOTS-MARCH-2024-LO-RES-02.jpg","type":"image\/jpeg"}],"twitter_card":"summary_large_image","twitter_misc":{"Est. reading time":"5 minutes"},"schema":{"@context":"https:\/\/schema.org","@graph":[{"@type":"WebPage","@id":"https:\/\/tenetconsultants.com\/cy\/datganiad-preifatrwydd\/","url":"https:\/\/tenetconsultants.com\/cy\/datganiad-preifatrwydd\/","name":"Polisi Preifatrwydd |","isPartOf":{"@id":"https:\/\/tenetconsultants.com\/cy\/#website"},"primaryImageOfPage":{"@id":"https:\/\/tenetconsultants.com\/cy\/datganiad-preifatrwydd\/#primaryimage"},"image":{"@id":"https:\/\/tenetconsultants.com\/cy\/datganiad-preifatrwydd\/#primaryimage"},"thumbnailUrl":"https:\/\/tenetconsultants.com\/wp-content\/uploads\/2025\/02\/TENET-WALES-HEADSHOTS-MARCH-2024-LO-RES-02.jpg","datePublished":"2025-02-10T21:37:05+00:00","dateModified":"2025-05-12T13:38:25+00:00","description":"Sut rydym yn casglu, defnyddio a diogelu eich gwybodaeth bersonol pan fyddwch yn defnyddio ein gwefan, gan gynnig profiad diogel i bawb.","breadcrumb":{"@id":"https:\/\/tenetconsultants.com\/cy\/datganiad-preifatrwydd\/#breadcrumb"},"inLanguage":"cy-GB","potentialAction":[{"@type":"ReadAction","target":["https:\/\/tenetconsultants.com\/cy\/datganiad-preifatrwydd\/"]}]},{"@type":"ImageObject","inLanguage":"cy-GB","@id":"https:\/\/tenetconsultants.com\/cy\/datganiad-preifatrwydd\/#primaryimage","url":"https:\/\/tenetconsultants.com\/wp-content\/uploads\/2025\/02\/TENET-WALES-HEADSHOTS-MARCH-2024-LO-RES-02.jpg","contentUrl":"https:\/\/tenetconsultants.com\/wp-content\/uploads\/2025\/02\/TENET-WALES-HEADSHOTS-MARCH-2024-LO-RES-02.jpg","width":1076,"height":704,"caption":"Huw Brassington"},{"@type":"BreadcrumbList","@id":"https:\/\/tenetconsultants.com\/cy\/datganiad-preifatrwydd\/#breadcrumb","itemListElement":[{"@type":"ListItem","position":1,"name":"Hafan","item":"https:\/\/tenetconsultants.com\/cy\/prif-dudalen\/"},{"@type":"ListItem","position":2,"name":"Datganiad preifatrwydd"}]},{"@type":"WebSite","@id":"https:\/\/tenetconsultants.com\/cy\/#website","url":"https:\/\/tenetconsultants.com\/cy\/","name":"Tenet Consultants","description":"","potentialAction":[{"@type":"SearchAction","target":{"@type":"EntryPoint","urlTemplate":"https:\/\/tenetconsultants.com\/cy\/?s={search_term_string}"},"query-input":{"@type":"PropertyValueSpecification","valueRequired":true,"valueName":"search_term_string"}}],"inLanguage":"cy-GB"}]}},"_links":{"self":[{"href":"https:\/\/tenetconsultants.com\/cy\/wp-json\/wp\/v2\/pages\/7005","targetHints":{"allow":["GET"]}}],"collection":[{"href":"https:\/\/tenetconsultants.com\/cy\/wp-json\/wp\/v2\/pages"}],"about":[{"href":"https:\/\/tenetconsultants.com\/cy\/wp-json\/wp\/v2\/types\/page"}],"author":[{"embeddable":true,"href":"https:\/\/tenetconsultants.com\/cy\/wp-json\/wp\/v2\/users\/1"}],"replies":[{"embeddable":true,"href":"https:\/\/tenetconsultants.com\/cy\/wp-json\/wp\/v2\/comments?post=7005"}],"version-history":[{"count":5,"href":"https:\/\/tenetconsultants.com\/cy\/wp-json\/wp\/v2\/pages\/7005\/revisions"}],"predecessor-version":[{"id":8365,"href":"https:\/\/tenetconsultants.com\/cy\/wp-json\/wp\/v2\/pages\/7005\/revisions\/8365"}],"wp:featuredmedia":[{"embeddable":true,"href":"https:\/\/tenetconsultants.com\/cy\/wp-json\/wp\/v2\/media\/4202"}],"wp:attachment":[{"href":"https:\/\/tenetconsultants.com\/cy\/wp-json\/wp\/v2\/media?parent=7005"}],"curies":[{"name":"wp","href":"https:\/\/api.w.org\/{rel}","templated":true}]}}